{"id":2,"date":"2018-08-25T17:50:52","date_gmt":"2018-08-25T20:50:52","guid":{"rendered":"http:\/\/murosdeconcreto.com\/?page_id=2"},"modified":"2018-08-25T17:50:52","modified_gmt":"2018-08-25T20:50:52","slug":"pagina-exemplo","status":"publish","type":"page","link":"https:\/\/murosdeconcreto.com\/?page_id=2","title":{"rendered":"P\u00e1gina de exemplo"},"content":{"rendered":"<p>Este \u00e9 o exemplo de uma p\u00e1gina. \u00c9 diferente de um post de blog porque \u00e9 est\u00e1tica e pode aparecer em menus de navega\u00e7\u00e3o (na maioria dos temas). A maioria das pessoas come\u00e7am com uma p\u00e1gina &#8216;Sobre&#8217; que as apresenta aos potenciais visitantes do site. Voc\u00ea pode usar algo como:<\/p>\n<blockquote><p>Oi! Sou um estudante de Biologia e gosto de esportes e natureza. Nos fins de semana pratico futebol com meus amigos no clube local. Eu moro em Valinhos e fiz este site para falar sobre minha cidade.<\/p><\/blockquote>\n<p>&#8230;ou algo como:<\/p>\n<blockquote><p>A empresa Logos foi fundada em 1980, e tem provido o com\u00e9rcio local com o que h\u00e1 de melhor em informatiza\u00e7\u00e3o. Localizada em Recife, nossa empresa tem se destacado como um das que tamb\u00e9m contribuem para o descarte correto de equipamentos eletr\u00f4nicos substitu\u00eddos.<\/p><\/blockquote>\n<p>Como um novo usu\u00e1rio WordPress, v\u00e1 ao seu <a href=\"https:\/\/murosdeconcreto.com\/wp-admin\/\">Painel<\/a> para excluir este conte\u00fado e criar o seu. Divirta-se!<\/p>\n","protected":false},"excerpt":{"rendered":"<p>Este \u00e9 o exemplo de uma p\u00e1gina. \u00c9 diferente de um post de blog porque \u00e9 est\u00e1tica e pode aparecer em menus de navega\u00e7\u00e3o (na maioria dos temas). A maioria das pessoas come\u00e7am com uma p\u00e1gina &#8216;Sobre&#8217; que as apresenta aos potenciais visitantes do site. Voc\u00ea pode usar algo como: Oi! Sou um estudante de [&hellip;]<\/p>\n","protected":false},"author":1,"featured_media":0,"parent":0,"menu_order":0,"comment_status":"closed","ping_status":"open","template":"","meta":{"footnotes":""},"class_list":["post-2","page","type-page","status-publish","hentry"],"yoast_head":"<!-- This site is optimized with the Yoast SEO plugin v27.4 - https:\/\/yoast.com\/product\/yoast-seo-wordpress\/ -->\n<title>P\u00e1gina de exemplo - Muros de Concreto direto da F\u00e1brica<\/title>\n<meta name=\"robots\" content=\"index, follow, max-snippet:-1, max-image-preview:large, max-video-preview:-1\" \/>\n<link rel=\"canonical\" href=\"https:\/\/murosdeconcreto.com\/?page_id=2\" \/>\n<meta property=\"og:locale\" content=\"pt_BR\" \/>\n<meta property=\"og:type\" content=\"article\" \/>\n<meta property=\"og:title\" content=\"P\u00e1gina de exemplo - Muros de Concreto direto da F\u00e1brica\" \/>\n<meta property=\"og:description\" content=\"Este \u00e9 o exemplo de uma p\u00e1gina. \u00c9 diferente de um post de blog porque \u00e9 est\u00e1tica e pode aparecer em menus de navega\u00e7\u00e3o (na maioria dos temas). A maioria das pessoas come\u00e7am com uma p\u00e1gina &#8216;Sobre&#8217; que as apresenta aos potenciais visitantes do site. Voc\u00ea pode usar algo como: Oi! Sou um estudante de [&hellip;]\" \/>\n<meta property=\"og:url\" content=\"https:\/\/murosdeconcreto.com\/?page_id=2\" \/>\n<meta property=\"og:site_name\" content=\"Muros de Concreto direto da F\u00e1brica\" \/>\n<meta name=\"twitter:card\" content=\"summary_large_image\" \/>\n<meta name=\"twitter:label1\" content=\"Est. tempo de leitura\" \/>\n\t<meta name=\"twitter:data1\" content=\"1 minuto\" \/>\n<script type=\"application\/ld+json\" class=\"yoast-schema-graph\">{\"@context\":\"https:\\\/\\\/schema.org\",\"@graph\":[{\"@type\":\"WebPage\",\"@id\":\"https:\\\/\\\/murosdeconcreto.com\\\/?page_id=2\",\"url\":\"https:\\\/\\\/murosdeconcreto.com\\\/?page_id=2\",\"name\":\"P\u00e1gina de exemplo - Muros de Concreto direto da F\u00e1brica\",\"isPartOf\":{\"@id\":\"https:\\\/\\\/murosdeconcreto.com\\\/#website\"},\"datePublished\":\"2018-08-25T20:50:52+00:00\",\"breadcrumb\":{\"@id\":\"https:\\\/\\\/murosdeconcreto.com\\\/?page_id=2#breadcrumb\"},\"inLanguage\":\"pt-BR\",\"potentialAction\":[{\"@type\":\"ReadAction\",\"target\":[\"https:\\\/\\\/murosdeconcreto.com\\\/?page_id=2\"]}]},{\"@type\":\"BreadcrumbList\",\"@id\":\"https:\\\/\\\/murosdeconcreto.com\\\/?page_id=2#breadcrumb\",\"itemListElement\":[{\"@type\":\"ListItem\",\"position\":1,\"name\":\"In\u00edcio\",\"item\":\"https:\\\/\\\/murosdeconcreto.com\\\/\"},{\"@type\":\"ListItem\",\"position\":2,\"name\":\"P\u00e1gina de exemplo\"}]},{\"@type\":\"WebSite\",\"@id\":\"https:\\\/\\\/murosdeconcreto.com\\\/#website\",\"url\":\"https:\\\/\\\/murosdeconcreto.com\\\/\",\"name\":\"Muros de Concreto direto da F\u00e1brica\",\"description\":\"Desde 2007 com fabrica\u00e7\u00e3o de Grades e Muros de Concreto\",\"potentialAction\":[{\"@type\":\"SearchAction\",\"target\":{\"@type\":\"EntryPoint\",\"urlTemplate\":\"https:\\\/\\\/murosdeconcreto.com\\\/?s={search_term_string}\"},\"query-input\":{\"@type\":\"PropertyValueSpecification\",\"valueRequired\":true,\"valueName\":\"search_term_string\"}}],\"inLanguage\":\"pt-BR\"}]}<\/script>\n<!-- \/ Yoast SEO plugin. -->","yoast_head_json":{"title":"P\u00e1gina de exemplo - Muros de Concreto direto da F\u00e1brica","robots":{"index":"index","follow":"follow","max-snippet":"max-snippet:-1","max-image-preview":"max-image-preview:large","max-video-preview":"max-video-preview:-1"},"canonical":"https:\/\/murosdeconcreto.com\/?page_id=2","og_locale":"pt_BR","og_type":"article","og_title":"P\u00e1gina de exemplo - Muros de Concreto direto da F\u00e1brica","og_description":"Este \u00e9 o exemplo de uma p\u00e1gina. \u00c9 diferente de um post de blog porque \u00e9 est\u00e1tica e pode aparecer em menus de navega\u00e7\u00e3o (na maioria dos temas). A maioria das pessoas come\u00e7am com uma p\u00e1gina &#8216;Sobre&#8217; que as apresenta aos potenciais visitantes do site. Voc\u00ea pode usar algo como: Oi! Sou um estudante de [&hellip;]","og_url":"https:\/\/murosdeconcreto.com\/?page_id=2","og_site_name":"Muros de Concreto direto da F\u00e1brica","twitter_card":"summary_large_image","twitter_misc":{"Est. tempo de leitura":"1 minuto"},"schema":{"@context":"https:\/\/schema.org","@graph":[{"@type":"WebPage","@id":"https:\/\/murosdeconcreto.com\/?page_id=2","url":"https:\/\/murosdeconcreto.com\/?page_id=2","name":"P\u00e1gina de exemplo - Muros de Concreto direto da F\u00e1brica","isPartOf":{"@id":"https:\/\/murosdeconcreto.com\/#website"},"datePublished":"2018-08-25T20:50:52+00:00","breadcrumb":{"@id":"https:\/\/murosdeconcreto.com\/?page_id=2#breadcrumb"},"inLanguage":"pt-BR","potentialAction":[{"@type":"ReadAction","target":["https:\/\/murosdeconcreto.com\/?page_id=2"]}]},{"@type":"BreadcrumbList","@id":"https:\/\/murosdeconcreto.com\/?page_id=2#breadcrumb","itemListElement":[{"@type":"ListItem","position":1,"name":"In\u00edcio","item":"https:\/\/murosdeconcreto.com\/"},{"@type":"ListItem","position":2,"name":"P\u00e1gina de exemplo"}]},{"@type":"WebSite","@id":"https:\/\/murosdeconcreto.com\/#website","url":"https:\/\/murosdeconcreto.com\/","name":"Muros de Concreto direto da F\u00e1brica","description":"Desde 2007 com fabrica\u00e7\u00e3o de Grades e Muros de Concreto","potentialAction":[{"@type":"SearchAction","target":{"@type":"EntryPoint","urlTemplate":"https:\/\/murosdeconcreto.com\/?s={search_term_string}"},"query-input":{"@type":"PropertyValueSpecification","valueRequired":true,"valueName":"search_term_string"}}],"inLanguage":"pt-BR"}]}},"jetpack_sharing_enabled":true,"_links":{"self":[{"href":"https:\/\/murosdeconcreto.com\/index.php?rest_route=\/wp\/v2\/pages\/2","targetHints":{"allow":["GET"]}}],"collection":[{"href":"https:\/\/murosdeconcreto.com\/index.php?rest_route=\/wp\/v2\/pages"}],"about":[{"href":"https:\/\/murosdeconcreto.com\/index.php?rest_route=\/wp\/v2\/types\/page"}],"author":[{"embeddable":true,"href":"https:\/\/murosdeconcreto.com\/index.php?rest_route=\/wp\/v2\/users\/1"}],"replies":[{"embeddable":true,"href":"https:\/\/murosdeconcreto.com\/index.php?rest_route=%2Fwp%2Fv2%2Fcomments&post=2"}],"version-history":[{"count":0,"href":"https:\/\/murosdeconcreto.com\/index.php?rest_route=\/wp\/v2\/pages\/2\/revisions"}],"wp:attachment":[{"href":"https:\/\/murosdeconcreto.com\/index.php?rest_route=%2Fwp%2Fv2%2Fmedia&parent=2"}],"curies":[{"name":"wp","href":"https:\/\/api.w.org\/{rel}","templated":true}]}}